{"id":3,"date":"2020-09-21T10:36:09","date_gmt":"2020-09-21T08:36:09","guid":{"rendered":"https:\/\/www.villaleshydrangeas.bzh\/?page_id=3"},"modified":"2025-06-19T09:34:30","modified_gmt":"2025-06-19T07:34:30","slug":"endorsements","status":"publish","type":"page","link":"https:\/\/www.villaleshydrangeas.bzh\/en\/mentions-legales\/","title":{"rendered":"Legal Notice"},"content":{"rendered":"<div data-elementor-type=\"wp-page\" data-elementor-id=\"3\" class=\"elementor elementor-3\" data-elementor-post-type=\"page\">\n\t\t\t\t\t\t<section class=\"elementor-section elementor-top-section elementor-element elementor-element-6a615d48 elementor-section-boxed elementor-section-height-default elementor-section-height-default\" data-id=\"6a615d48\" data-element_type=\"section\" data-e-type=\"section\" data-settings=\"{&quot;_ob_glider_is_slider&quot;:&quot;no&quot;}\">\n\t\t\t\t\t\t<div class=\"elementor-container elementor-column-gap-default\">\n\t\t\t\t\t<div class=\"elementor-column elementor-col-100 elementor-top-column elementor-element elementor-element-4696820b\" data-id=\"4696820b\" data-element_type=\"column\" data-e-type=\"column\" data-settings=\"{&quot;_ob_column_hoveranimator&quot;:&quot;no&quot;,&quot;_ob_column_has_pseudo&quot;:&quot;no&quot;}\">\n\t\t\t<div class=\"elementor-widget-wrap elementor-element-populated\">\n\t\t\t\t\t\t<section class=\"elementor-section elementor-inner-section elementor-element elementor-element-c1f001f elementor-section-boxed elementor-section-height-default elementor-section-height-default\" data-id=\"c1f001f\" data-element_type=\"section\" data-e-type=\"section\" data-settings=\"{&quot;_ob_glider_is_slider&quot;:&quot;no&quot;}\">\n\t\t\t\t\t\t<div class=\"elementor-container elementor-column-gap-default\">\n\t\t\t\t\t<div class=\"elementor-column elementor-col-100 elementor-inner-column elementor-element elementor-element-792bdc0\" data-id=\"792bdc0\" data-element_type=\"column\" data-e-type=\"column\" data-settings=\"{&quot;_ob_column_hoveranimator&quot;:&quot;no&quot;,&quot;_ob_column_has_pseudo&quot;:&quot;no&quot;}\">\n\t\t\t<div class=\"elementor-widget-wrap elementor-element-populated\">\n\t\t\t\t\t\t<div class=\"elementor-element elementor-element-bbd2fae ob-harakiri-inherit ob-has-background-overlay elementor-widget elementor-widget-text-editor\" data-id=\"bbd2fae\" data-element_type=\"widget\" data-e-type=\"widget\" data-settings=\"{&quot;_ob_use_harakiri&quot;:&quot;yes&quot;,&quot;_ob_harakiri_writing_mode&quot;:&quot;inherit&quot;,&quot;_ob_postman_use&quot;:&quot;no&quot;,&quot;_ob_widget_stalker_use&quot;:&quot;no&quot;,&quot;_ob_poopart_use&quot;:&quot;yes&quot;,&quot;_ob_shadough_use&quot;:&quot;no&quot;,&quot;_ob_allow_hoveranimator&quot;:&quot;no&quot;}\" data-widget_type=\"text-editor.default\">\n\t\t\t\t<div class=\"elementor-widget-container\">\n\t\t\t\t\t\t\t\t\t<h3>Presentation of the site.<\/h3>\n<p>Pursuant to Article 6 of Law No. 2004-575 of 21 June 2004 on confidence in the digital economy, users of the site are informed that\u00a0<a title=\"Villa Les Hydrang\u00e9as - https:\/\/villaleshydrangeas.bzh\" href=\"http:\/\/https\/\/villaleshydrangeas.bzh\/\">https:\/\/villaleshydrangeas.bzh<\/a>\u00a0the identity of the various parties involved in its implementation and monitoring:<\/p>\n<p><strong>Owner<\/strong>\u00a0Villa Les Hydrang\u00e9as - - 53 bd Georges Clemenceau - 22700 PERROS-GUIREC<br \/><strong>Creator<\/strong>\u00a0: Eliophot<br \/><strong>Responsible for publication<\/strong>\u00a0Villa Les Hydrang\u00e9as - contact@villaleshydrangeas.bzh<br \/>The person responsible for publication is a natural or legal person.<br \/><strong>This site is hosted by :<\/strong> Hetzner Online GmbH - Industriestr. 25 - 91710 Gunzenhausen - Deutschland<br \/><br \/><\/p>\t\t\t\t\t\t\t\t<\/div>\n\t\t\t\t<\/div>\n\t\t\t\t\t<\/div>\n\t\t<\/div>\n\t\t\t\t\t<\/div>\n\t\t<\/section>\n\t\t\t\t<div class=\"elementor-element elementor-element-6822fa6c ob-harakiri-inherit ob-has-background-overlay elementor-widget elementor-widget-text-editor\" data-id=\"6822fa6c\" data-element_type=\"widget\" data-e-type=\"widget\" data-settings=\"{&quot;_ob_use_harakiri&quot;:&quot;yes&quot;,&quot;_ob_harakiri_writing_mode&quot;:&quot;inherit&quot;,&quot;_ob_postman_use&quot;:&quot;no&quot;,&quot;_ob_widget_stalker_use&quot;:&quot;no&quot;,&quot;_ob_poopart_use&quot;:&quot;yes&quot;,&quot;_ob_shadough_use&quot;:&quot;no&quot;,&quot;_ob_allow_hoveranimator&quot;:&quot;no&quot;}\" data-widget_type=\"text-editor.default\">\n\t\t\t\t<div class=\"elementor-widget-container\">\n\t\t\t\t\t\t\t\t\t<h2 class=\"wp-block-heading\">Who are we?<\/h2><p>Our website address is: https:\/\/www.template-wordpress.eliophot.fr.<\/p><h2 class=\"wp-block-heading\">Use of personal data collected<\/h2><h3 class=\"wp-block-heading\">Comments<\/h3><p>When you leave a comment on our website, the data entered in the comment form, but also your IP address and your browser's user agent are collected to help us detect unwanted comments.<\/p><p>An anonymised string created from your email address (also known as a hash) can be sent to the Gravatar service to check whether you are using the service. The privacy policy of the Gravatar service is available here: https:\/\/automattic.com\/privacy\/. After your comment has been validated, your profile picture will be publicly visible next to your comment.<\/p><h3 class=\"wp-block-heading\">Media<\/h3><p>If you are a registered user and you upload images to the website, we advise you to avoid uploading images containing EXIF data of GPS coordinates. Visitors to your website can download and extract location data from these images.<\/p><h3 class=\"wp-block-heading\">Contact forms<\/h3><h3 class=\"wp-block-heading\">Cookies<\/h3><p>If you leave a comment on our site, you will be asked to save your name, email address and website in cookies. This is only for your convenience so that you do not have to enter this information if you leave another comment later. These cookies expire after one year.<\/p><p>If you go to the login page, a temporary cookie will be created to determine whether your browser accepts cookies. It does not contain any personal data and will be deleted automatically when you close your browser.<\/p><p>When you log in, we will set a number of cookies to record your login information and screen preferences. The lifetime of a login cookie is two days, and the lifetime of a screen preference cookie is one year. If you check \"Remember me\", your login cookie will be retained for a fortnight. If you log out of your account, the login cookie will be deleted.<\/p><p>By editing or publishing a publication, an additional cookie will be stored in your browser. This cookie does not contain any personal data. It simply indicates the ID of the publication you just edited. It expires after one day.<\/p><h3 class=\"wp-block-heading\">Embedded content from other sites<\/h3><p>Articles on this site may include embedded content (e.g. videos, images, articles...). Embedded content from other sites behaves in the same way as if the visitor were on that other site.<\/p><p>These websites may collect data about you, use cookies, embed third-party tracking tools, track your interactions with these embedded contents if you have an account logged in to their website.<\/p><h3 class=\"wp-block-heading\">Statistics and audience measurement<\/h3><h2 class=\"wp-block-heading\">Use and transmission of your personal data<\/h2><h2 class=\"wp-block-heading\">How long your data is stored<\/h2><p>If you leave a comment, the comment and its metadata are retained indefinitely. This allows subsequent comments to be automatically recognised and approved rather than left in the moderation queue.<\/p><p>For users who register on our site (where possible), we also store the personal data indicated in their profile. All users can view, edit or delete their personal information at any time (with the exception of their username). Site managers can also view and modify this information.<\/p><h2 class=\"wp-block-heading\">The rights you have over your data<\/h2><p>If you have an account or have left comments on the site, you can request to receive a file containing all the personal data we hold about you, including that which you have provided to us. You may also request the deletion of your personal data. This does not include data stored for administrative, legal or security purposes.<\/p><h2 class=\"wp-block-heading\">Transmission of your personal data<\/h2><p>Visitors' comments can be checked using an automated spam detection service.<\/p><h2 class=\"wp-block-heading\">Contact information<\/h2><h2 class=\"wp-block-heading\">More information<\/h2><h3 class=\"wp-block-heading\">How we protect your data<\/h3><h3 class=\"wp-block-heading\">Procedures in the event of a data leak<\/h3><h3 class=\"wp-block-heading\">Third party services that provide us with data<\/h3><h3 class=\"wp-block-heading\">Automated marketing and\/or profiling operations using personal data<\/h3><h3 class=\"wp-block-heading\">Display of information related to sectors subject to specific regulations<\/h3>\t\t\t\t\t\t\t\t<\/div>\n\t\t\t\t<\/div>\n\t\t\t\t\t<\/div>\n\t\t<\/div>\n\t\t\t\t\t<\/div>\n\t\t<\/section>\n\t\t\t\t<\/div>","protected":false},"excerpt":{"rendered":"<p>Pr\u00e9sentation du site. En vertu de l\u2019article 6 de la loi n\u00b0 2004-575 du 21 juin 2004 pour la confiance dans l\u2019\u00e9conomie num\u00e9rique, il est pr\u00e9cis\u00e9 aux utilisateurs du site\u00a0https:\/\/villaleshydrangeas.bzh\u00a0l\u2019identit\u00e9 des diff\u00e9rents intervenants dans le cadre de sa r\u00e9alisation et de son suivi : Propri\u00e9taire\u00a0: Villa Les Hydrang\u00e9as \u2013 \u2013 53 bd Georges Clemenceau \u2013 [&hellip;]<\/p>\n","protected":false},"author":4,"featured_media":0,"parent":0,"menu_order":0,"comment_status":"closed","ping_status":"closed","template":"","meta":{"inline_featured_image":false,"footnotes":""},"class_list":["post-3","page","type-page","status-publish","hentry"],"_links":{"self":[{"href":"https:\/\/www.villaleshydrangeas.bzh\/en\/wp-json\/wp\/v2\/pages\/3","targetHints":{"allow":["GET"]}}],"collection":[{"href":"https:\/\/www.villaleshydrangeas.bzh\/en\/wp-json\/wp\/v2\/pages"}],"about":[{"href":"https:\/\/www.villaleshydrangeas.bzh\/en\/wp-json\/wp\/v2\/types\/page"}],"author":[{"embeddable":true,"href":"https:\/\/www.villaleshydrangeas.bzh\/en\/wp-json\/wp\/v2\/users\/4"}],"replies":[{"embeddable":true,"href":"https:\/\/www.villaleshydrangeas.bzh\/en\/wp-json\/wp\/v2\/comments?post=3"}],"version-history":[{"count":23,"href":"https:\/\/www.villaleshydrangeas.bzh\/en\/wp-json\/wp\/v2\/pages\/3\/revisions"}],"predecessor-version":[{"id":5819,"href":"https:\/\/www.villaleshydrangeas.bzh\/en\/wp-json\/wp\/v2\/pages\/3\/revisions\/5819"}],"wp:attachment":[{"href":"https:\/\/www.villaleshydrangeas.bzh\/en\/wp-json\/wp\/v2\/media?parent=3"}],"curies":[{"name":"wp","href":"https:\/\/api.w.org\/{rel}","templated":true}]}}